{"id":857,"date":"2021-06-30T01:07:55","date_gmt":"2021-06-30T04:07:55","guid":{"rendered":"https:\/\/gracyellebicalho.adv.br\/?page_id=857"},"modified":"2024-10-16T23:07:49","modified_gmt":"2024-10-17T02:07:49","slug":"equipe","status":"publish","type":"page","link":"https:\/\/gracyellebicalho.adv.br\/index.php\/equipe\/","title":{"rendered":"Equipe"},"content":{"rendered":"\t\t<div data-elementor-type=\"wp-page\" data-elementor-id=\"857\" class=\"elementor elementor-857\" data-elementor-post-type=\"page\">\n\t\t\t\t\t\t<section class=\"elementor-section elementor-top-section elementor-element elementor-element-38695db elementor-section-boxed elementor-section-height-default elementor-section-height-default\" data-id=\"38695db\" data-element_type=\"section\">\n\t\t\t\t\t\t<div class=\"elementor-container elementor-column-gap-default\">\n\t\t\t\t\t<div class=\"elementor-column elementor-col-100 elementor-top-column elementor-element elementor-element-7ebf0db\" data-id=\"7ebf0db\" data-element_type=\"column\">\n\t\t\t<div class=\"elementor-widget-wrap elementor-element-populated\">\n\t\t\t\t\t\t<div class=\"elementor-element elementor-element-3d6ba8f elementor-widget elementor-widget-spacer\" data-id=\"3d6ba8f\" data-element_type=\"widget\" data-widget_type=\"spacer.default\">\n\t\t\t\t<div class=\"elementor-widget-container\">\n\t\t\t\t\t\t\t<div class=\"elementor-spacer\">\n\t\t\t<div class=\"elementor-spacer-inner\"><\/div>\n\t\t<\/div>\n\t\t\t\t\t\t<\/div>\n\t\t\t\t<\/div>\n\t\t\t\t\t<\/div>\n\t\t<\/div>\n\t\t\t\t\t<\/div>\n\t\t<\/section>\n\t\t\t\t<section class=\"elementor-section elementor-top-section elementor-element elementor-element-b54b9e6 elementor-section-boxed elementor-section-height-default elementor-section-height-default\" data-id=\"b54b9e6\" data-element_type=\"section\">\n\t\t\t\t\t\t<div class=\"elementor-container elementor-column-gap-default\">\n\t\t\t\t\t<div class=\"elementor-column elementor-col-33 elementor-top-column elementor-element elementor-element-c70fa35\" data-id=\"c70fa35\" data-element_type=\"column\">\n\t\t\t<div class=\"elementor-widget-wrap elementor-element-populated\">\n\t\t\t\t\t\t<div class=\"elementor-element elementor-element-4d32241 elementor-widget elementor-widget-image\" data-id=\"4d32241\" data-element_type=\"widget\" data-widget_type=\"image.default\">\n\t\t\t\t<div class=\"elementor-widget-container\">\n\t\t\t\t\t\t\t\t\t\t\t\t\t\t\t<img fetchpriority=\"high\" decoding=\"async\" width=\"525\" height=\"705\" src=\"https:\/\/gracyellebicalho.adv.br\/wp-content\/uploads\/2024\/10\/WhatsApp-Image-2024-10-11-at-12.19.48-e1728918136677-763x1024.jpeg\" class=\"attachment-large size-large wp-image-1143\" alt=\"\" srcset=\"https:\/\/gracyellebicalho.adv.br\/wp-content\/uploads\/2024\/10\/WhatsApp-Image-2024-10-11-at-12.19.48-e1728918136677-763x1024.jpeg 763w, https:\/\/gracyellebicalho.adv.br\/wp-content\/uploads\/2024\/10\/WhatsApp-Image-2024-10-11-at-12.19.48-e1728918136677-223x300.jpeg 223w, https:\/\/gracyellebicalho.adv.br\/wp-content\/uploads\/2024\/10\/WhatsApp-Image-2024-10-11-at-12.19.48-e1728918136677-768x1031.jpeg 768w, https:\/\/gracyellebicalho.adv.br\/wp-content\/uploads\/2024\/10\/WhatsApp-Image-2024-10-11-at-12.19.48-e1728918136677.jpeg 1100w\" sizes=\"(max-width: 525px) 100vw, 525px\" \/>\t\t\t\t\t\t\t\t\t\t\t\t\t\t\t<\/div>\n\t\t\t\t<\/div>\n\t\t\t\t\t<\/div>\n\t\t<\/div>\n\t\t\t\t<div class=\"elementor-column elementor-col-66 elementor-top-column elementor-element elementor-element-4755726\" data-id=\"4755726\" data-element_type=\"column\">\n\t\t\t<div class=\"elementor-widget-wrap elementor-element-populated\">\n\t\t\t\t\t\t<div class=\"elementor-element elementor-element-ad2fb65 elementor-widget elementor-widget-text-editor\" data-id=\"ad2fb65\" data-element_type=\"widget\" data-widget_type=\"text-editor.default\">\n\t\t\t\t<div class=\"elementor-widget-container\">\n\t\t\t\t\t\t\t\t\t<h4><span style=\"vertical-align: inherit;\"><span style=\"vertical-align: inherit;\"><span style=\"vertical-align: inherit;\"><span style=\"vertical-align: inherit;\">GRACYELLE BICALHO<\/span><\/span><\/span><\/span><\/h4><p><span style=\"vertical-align: inherit;\"><span style=\"vertical-align: inherit;\">Advogada, Empreendedora e Soci\u00f3loga.<\/span><\/span><\/p><p><span style=\"vertical-align: inherit;\"><span style=\"vertical-align: inherit;\">Formada em direito pela Faculdade Direto Santo Agostinho no ano de 2007.<\/span><\/span><\/p><p><span style=\"vertical-align: inherit;\"><span style=\"vertical-align: inherit;\">Soci\u00f3loga, formada pela Universidade Estadual de Montes Claros- UNIMONTES em 2002.<\/span><\/span><\/p><p><span style=\"vertical-align: inherit;\"><span style=\"vertical-align: inherit;\">Presidente da comiss\u00e3o OAB Mulher da 11\u00aa subse\u00e7\u00e3o da OAB\/MG 2002\/2024.\u00a0<\/span><\/span><\/p><p><span style=\"vertical-align: inherit;\"><span style=\"vertical-align: inherit;\">Presidente da Comiss\u00e3o de Enfrentamento \u00e0 Viol\u00eancia da 11\u00aa Subse\u00e7\u00e3o da OAB\/MG 2002\/2024\u00a0<\/span><\/span><\/p><p><span style=\"vertical-align: inherit;\"><span style=\"vertical-align: inherit;\">Coordenadora do N\u00facleo Jur\u00eddico da 11\u00aa subse\u00e7\u00e3o da OAB\/MG que atende mulheres v\u00edtimas de viol\u00eancia do Munic\u00edpio de Montes Claros.<\/span><\/span><\/p><p><span style=\"vertical-align: inherit;\"><span style=\"vertical-align: inherit;\">Advogada inscrita na OAB\/MG 122.552, militante nas \u00e1reas de direito de fam\u00edlia e sucess\u00f5es e direito comercial e c\u00edvel.<\/span><\/span><\/p><p><span style=\"vertical-align: inherit;\"><span style=\"vertical-align: inherit;\">S\u00f3cia fundadora do Escrit\u00f3rio, Gracyelle Bicalho Advocacia<\/span><\/span><\/p><p><span style=\"vertical-align: inherit;\"><span style=\"vertical-align: inherit;\">P\u00f3s-graduada em Direito de Fam\u00edlia e Sucess\u00f5es, Direito Civil e Empresarial pelo instituto Dam\u00e1sio de Jesus ano 2018.<\/span><\/span><\/p><p><span style=\"vertical-align: inherit;\"><span style=\"vertical-align: inherit;\">P\u00f3s-graduada em Advocacia C\u00edvel e Doc\u00eancia do Ensino Superior pela ESA, Escola Superior de Advocacia ano 2019.<\/span><\/span><\/p><p><span style=\"vertical-align: inherit;\"><span style=\"vertical-align: inherit;\">P\u00f3s-graduada em Direito Civil e Empresarial pelo Instituto Dam\u00e1sio de Jesus, ano 2020.<\/span><\/span><\/p>\t\t\t\t\t\t\t\t<\/div>\n\t\t\t\t<\/div>\n\t\t\t\t\t<\/div>\n\t\t<\/div>\n\t\t\t\t\t<\/div>\n\t\t<\/section>\n\t\t\t\t<section class=\"elementor-section elementor-top-section elementor-element elementor-element-eee328e elementor-section-boxed elementor-section-height-default elementor-section-height-default\" data-id=\"eee328e\" data-element_type=\"section\">\n\t\t\t\t\t\t<div class=\"elementor-container elementor-column-gap-default\">\n\t\t\t\t\t<div class=\"elementor-column elementor-col-100 elementor-top-column elementor-element elementor-element-0cdc87d\" data-id=\"0cdc87d\" data-element_type=\"column\">\n\t\t\t<div class=\"elementor-widget-wrap elementor-element-populated\">\n\t\t\t\t\t\t<div class=\"elementor-element elementor-element-91dc84e elementor-widget elementor-widget-spacer\" data-id=\"91dc84e\" data-element_type=\"widget\" data-widget_type=\"spacer.default\">\n\t\t\t\t<div class=\"elementor-widget-container\">\n\t\t\t\t\t\t\t<div class=\"elementor-spacer\">\n\t\t\t<div class=\"elementor-spacer-inner\"><\/div>\n\t\t<\/div>\n\t\t\t\t\t\t<\/div>\n\t\t\t\t<\/div>\n\t\t\t\t\t<\/div>\n\t\t<\/div>\n\t\t\t\t\t<\/div>\n\t\t<\/section>\n\t\t\t\t<section class=\"elementor-section elementor-top-section elementor-element elementor-element-71dcd3d elementor-section-boxed elementor-section-height-default elementor-section-height-default\" data-id=\"71dcd3d\" data-element_type=\"section\">\n\t\t\t\t\t\t<div class=\"elementor-container elementor-column-gap-default\">\n\t\t\t\t\t<div class=\"elementor-column elementor-col-33 elementor-top-column elementor-element elementor-element-48d2315\" data-id=\"48d2315\" data-element_type=\"column\">\n\t\t\t<div class=\"elementor-widget-wrap elementor-element-populated\">\n\t\t\t\t\t\t<div class=\"elementor-element elementor-element-68066f6 elementor-widget elementor-widget-image\" data-id=\"68066f6\" data-element_type=\"widget\" data-widget_type=\"image.default\">\n\t\t\t\t<div class=\"elementor-widget-container\">\n\t\t\t\t\t\t\t\t\t\t\t\t\t\t\t<img decoding=\"async\" width=\"1280\" height=\"1189\" src=\"https:\/\/gracyellebicalho.adv.br\/wp-content\/uploads\/2021\/07\/Maria.jpeg\" class=\"attachment-full size-full wp-image-991\" alt=\"\" srcset=\"https:\/\/gracyellebicalho.adv.br\/wp-content\/uploads\/2021\/07\/Maria.jpeg 1280w, https:\/\/gracyellebicalho.adv.br\/wp-content\/uploads\/2021\/07\/Maria-300x279.jpeg 300w, https:\/\/gracyellebicalho.adv.br\/wp-content\/uploads\/2021\/07\/Maria-1024x951.jpeg 1024w, https:\/\/gracyellebicalho.adv.br\/wp-content\/uploads\/2021\/07\/Maria-768x713.jpeg 768w\" sizes=\"(max-width: 1280px) 100vw, 1280px\" \/>\t\t\t\t\t\t\t\t\t\t\t\t\t\t\t<\/div>\n\t\t\t\t<\/div>\n\t\t\t\t\t<\/div>\n\t\t<\/div>\n\t\t\t\t<div class=\"elementor-column elementor-col-66 elementor-top-column elementor-element elementor-element-94b8f75\" data-id=\"94b8f75\" data-element_type=\"column\">\n\t\t\t<div class=\"elementor-widget-wrap elementor-element-populated\">\n\t\t\t\t\t\t<div class=\"elementor-element elementor-element-f39ff81 elementor-widget elementor-widget-text-editor\" data-id=\"f39ff81\" data-element_type=\"widget\" data-widget_type=\"text-editor.default\">\n\t\t\t\t<div class=\"elementor-widget-container\">\n\t\t\t\t\t\t\t\t\t<h4>MARIA APARECIDA DE SOUSA ROCHA<\/h4>\n<p>Graduada em Direito &#8211; Faculdades Santo Agostinho (2017) e gradua\u00e7\u00e3o em Letras\/Portugu\u00eas pela Universidade Estadual de Montes Claros (2007). Com mais de 12 anos de experi\u00eancia profissional no magist\u00e9rio como professora de l\u00edngua portuguesa. Atuou como procuradora Geral de Munic\u00edpio. Atualmente \u00e9 Advogada Aut\u00f4noma na \u00e1reas do Direito do trabalho, Direito Previdenci\u00e1rio, Direito do Consumidor e Direito Administrativo. OAB MG 185.815<\/p>\t\t\t\t\t\t\t\t<\/div>\n\t\t\t\t<\/div>\n\t\t\t\t\t<\/div>\n\t\t<\/div>\n\t\t\t\t\t<\/div>\n\t\t<\/section>\n\t\t\t\t<section class=\"elementor-section elementor-top-section elementor-element elementor-element-82f73de elementor-section-boxed elementor-section-height-default elementor-section-height-default\" data-id=\"82f73de\" data-element_type=\"section\">\n\t\t\t\t\t\t<div class=\"elementor-container elementor-column-gap-default\">\n\t\t\t\t\t<div class=\"elementor-column elementor-col-100 elementor-top-column elementor-element elementor-element-27ccce9\" data-id=\"27ccce9\" data-element_type=\"column\">\n\t\t\t<div class=\"elementor-widget-wrap elementor-element-populated\">\n\t\t\t\t\t\t<div class=\"elementor-element elementor-element-80c2a84 elementor-widget elementor-widget-spacer\" data-id=\"80c2a84\" data-element_type=\"widget\" data-widget_type=\"spacer.default\">\n\t\t\t\t<div class=\"elementor-widget-container\">\n\t\t\t\t\t\t\t<div class=\"elementor-spacer\">\n\t\t\t<div class=\"elementor-spacer-inner\"><\/div>\n\t\t<\/div>\n\t\t\t\t\t\t<\/div>\n\t\t\t\t<\/div>\n\t\t\t\t\t<\/div>\n\t\t<\/div>\n\t\t\t\t\t<\/div>\n\t\t<\/section>\n\t\t\t\t<section class=\"elementor-section elementor-top-section elementor-element elementor-element-8374c84 elementor-section-boxed elementor-section-height-default elementor-section-height-default\" data-id=\"8374c84\" data-element_type=\"section\">\n\t\t\t\t\t\t<div class=\"elementor-container elementor-column-gap-default\">\n\t\t\t\t\t<div class=\"elementor-column elementor-col-33 elementor-top-column elementor-element elementor-element-2d9db25\" data-id=\"2d9db25\" data-element_type=\"column\">\n\t\t\t<div class=\"elementor-widget-wrap elementor-element-populated\">\n\t\t\t\t\t\t<div class=\"elementor-element elementor-element-50fda6c elementor-widget elementor-widget-image\" data-id=\"50fda6c\" data-element_type=\"widget\" data-widget_type=\"image.default\">\n\t\t\t\t<div class=\"elementor-widget-container\">\n\t\t\t\t\t\t\t\t\t\t\t\t\t\t\t<img decoding=\"async\" width=\"525\" height=\"530\" src=\"https:\/\/gracyellebicalho.adv.br\/wp-content\/uploads\/2021\/07\/Ana-1014x1024.jpg\" class=\"attachment-large size-large wp-image-996\" alt=\"\" srcset=\"https:\/\/gracyellebicalho.adv.br\/wp-content\/uploads\/2021\/07\/Ana-1014x1024.jpg 1014w, https:\/\/gracyellebicalho.adv.br\/wp-content\/uploads\/2021\/07\/Ana-297x300.jpg 297w, https:\/\/gracyellebicalho.adv.br\/wp-content\/uploads\/2021\/07\/Ana-150x150.jpg 150w, https:\/\/gracyellebicalho.adv.br\/wp-content\/uploads\/2021\/07\/Ana-768x775.jpg 768w, https:\/\/gracyellebicalho.adv.br\/wp-content\/uploads\/2021\/07\/Ana-1521x1536.jpg 1521w, https:\/\/gracyellebicalho.adv.br\/wp-content\/uploads\/2021\/07\/Ana-2028x2048.jpg 2028w, https:\/\/gracyellebicalho.adv.br\/wp-content\/uploads\/2021\/07\/Ana-80x80.jpg 80w\" sizes=\"(max-width: 525px) 100vw, 525px\" \/>\t\t\t\t\t\t\t\t\t\t\t\t\t\t\t<\/div>\n\t\t\t\t<\/div>\n\t\t\t\t\t<\/div>\n\t\t<\/div>\n\t\t\t\t<div class=\"elementor-column elementor-col-66 elementor-top-column elementor-element elementor-element-1a186f6\" data-id=\"1a186f6\" data-element_type=\"column\">\n\t\t\t<div class=\"elementor-widget-wrap elementor-element-populated\">\n\t\t\t\t\t\t<div class=\"elementor-element elementor-element-07458dc elementor-widget elementor-widget-text-editor\" data-id=\"07458dc\" data-element_type=\"widget\" data-widget_type=\"text-editor.default\">\n\t\t\t\t<div class=\"elementor-widget-container\">\n\t\t\t\t\t\t\t\t\t<h4>ANA CL\u00c1UDIA DA SILVA CASTRO<\/h4><p>Graduada em Direito pelas Faculdades Integradas Pit\u00e1goras. P\u00f3s-graduanda em Ci\u00eancias Penais e Seguran\u00e7a Jur\u00eddica \u2013 Instituto de Ensino Rog\u00e9rio Greco. Atua em assist\u00eancia jur\u00eddica e gest\u00e3o administrativa.<\/p>\t\t\t\t\t\t\t\t<\/div>\n\t\t\t\t<\/div>\n\t\t\t\t\t<\/div>\n\t\t<\/div>\n\t\t\t\t\t<\/div>\n\t\t<\/section>\n\t\t\t\t<section class=\"elementor-section elementor-top-section elementor-element elementor-element-11260d2 elementor-section-boxed elementor-section-height-default elementor-section-height-default\" data-id=\"11260d2\" data-element_type=\"section\">\n\t\t\t\t\t\t<div class=\"elementor-container elementor-column-gap-default\">\n\t\t\t\t\t<div class=\"elementor-column elementor-col-33 elementor-top-column elementor-element elementor-element-866542f\" data-id=\"866542f\" data-element_type=\"column\">\n\t\t\t<div class=\"elementor-widget-wrap elementor-element-populated\">\n\t\t\t\t\t\t<div class=\"elementor-element elementor-element-0d35eb3 elementor-widget elementor-widget-image\" data-id=\"0d35eb3\" data-element_type=\"widget\" data-widget_type=\"image.default\">\n\t\t\t\t<div class=\"elementor-widget-container\">\n\t\t\t\t\t\t\t\t\t\t\t\t\t\t\t<img loading=\"lazy\" decoding=\"async\" width=\"525\" height=\"642\" src=\"https:\/\/gracyellebicalho.adv.br\/wp-content\/uploads\/2024\/10\/P-6-1-scaled-e1729130795432-838x1024.jpeg\" class=\"attachment-large size-large wp-image-1191\" alt=\"\" srcset=\"https:\/\/gracyellebicalho.adv.br\/wp-content\/uploads\/2024\/10\/P-6-1-scaled-e1729130795432-838x1024.jpeg 838w, https:\/\/gracyellebicalho.adv.br\/wp-content\/uploads\/2024\/10\/P-6-1-scaled-e1729130795432-245x300.jpeg 245w, https:\/\/gracyellebicalho.adv.br\/wp-content\/uploads\/2024\/10\/P-6-1-scaled-e1729130795432-768x939.jpeg 768w, https:\/\/gracyellebicalho.adv.br\/wp-content\/uploads\/2024\/10\/P-6-1-scaled-e1729130795432-1257x1536.jpeg 1257w, https:\/\/gracyellebicalho.adv.br\/wp-content\/uploads\/2024\/10\/P-6-1-scaled-e1729130795432-1676x2048.jpeg 1676w, https:\/\/gracyellebicalho.adv.br\/wp-content\/uploads\/2024\/10\/P-6-1-scaled-e1729130795432.jpeg 1696w\" sizes=\"(max-width: 525px) 100vw, 525px\" \/>\t\t\t\t\t\t\t\t\t\t\t\t\t\t\t<\/div>\n\t\t\t\t<\/div>\n\t\t\t\t\t<\/div>\n\t\t<\/div>\n\t\t\t\t<div class=\"elementor-column elementor-col-66 elementor-top-column elementor-element elementor-element-c160a69\" data-id=\"c160a69\" data-element_type=\"column\">\n\t\t\t<div class=\"elementor-widget-wrap elementor-element-populated\">\n\t\t\t\t\t\t<div class=\"elementor-element elementor-element-fe1cb46 elementor-widget elementor-widget-text-editor\" data-id=\"fe1cb46\" data-element_type=\"widget\" data-widget_type=\"text-editor.default\">\n\t\t\t\t<div class=\"elementor-widget-container\">\n\t\t\t\t\t\t\t\t\t<h4>POLYANA MIKAELLY TEIXEIRA DE OLIVEIRA<\/h4><p>&#8211; Cursando o 10\u00ba per\u00edodo de Direito na UNIFIPMoc. <br \/>&#8211; Aprovada no Exame da Ordem dos Advogados do Brasil (OAB) no 9\u00ba per\u00edodo.<br \/>&#8211; Mais de 3 anos de experi\u00eancia em escrit\u00f3rios de advocacia, atuando em diversas \u00e1reas do Direito como estagi\u00e1ria, com foco em Direito de Fam\u00edlia e C\u00edvel.<br \/>&#8211; Ex-Conciliadora no Juizado Especial de Montes Claros, onde atuou de mar\u00e7o de 2021 a fevereiro de 2022, mediando conflitos e auxiliando na resolu\u00e7\u00e3o de lit\u00edgios de forma eficiente e colaborativa.<br \/>&#8211; Experi\u00eancia em assist\u00eancia jur\u00eddica e gest\u00e3o administrativa, incluindo o acompanhamento processual e a elabora\u00e7\u00e3o de pe\u00e7as jur\u00eddicas em diferentes inst\u00e2ncias.<\/p>\t\t\t\t\t\t\t\t<\/div>\n\t\t\t\t<\/div>\n\t\t\t\t\t<\/div>\n\t\t<\/div>\n\t\t\t\t\t<\/div>\n\t\t<\/section>\n\t\t\t\t<\/div>\n\t\t","protected":false},"excerpt":{"rendered":"<p>GRACYELLE BICALHO Advogada, Empreendedora e Soci\u00f3loga. Formada em direito pela Faculdade Direto Santo Agostinho no ano de 2007. Soci\u00f3loga, formada pela Universidade Estadual de Montes Claros- UNIMONTES em 2002. Presidente da comiss\u00e3o OAB Mulher da 11\u00aa subse\u00e7\u00e3o da OAB\/MG 2002\/2024.\u00a0 Presidente da Comiss\u00e3o de Enfrentamento \u00e0 Viol\u00eancia da 11\u00aa Subse\u00e7\u00e3o da OAB\/MG 2002\/2024\u00a0 Coordenadora do [&hellip;]<\/p>\n","protected":false},"author":1,"featured_media":0,"parent":0,"menu_order":0,"comment_status":"closed","ping_status":"closed","template":"tpl-default-elementor.php","meta":{"om_disable_all_campaigns":false,"_monsterinsights_skip_tracking":false,"_monsterinsights_sitenote_active":false,"_monsterinsights_sitenote_note":"","_monsterinsights_sitenote_category":0,"_joinchat":[],"footnotes":""},"class_list":["post-857","page","type-page","status-publish","hentry"],"_links":{"self":[{"href":"https:\/\/gracyellebicalho.adv.br\/index.php\/wp-json\/wp\/v2\/pages\/857"}],"collection":[{"href":"https:\/\/gracyellebicalho.adv.br\/index.php\/wp-json\/wp\/v2\/pages"}],"about":[{"href":"https:\/\/gracyellebicalho.adv.br\/index.php\/wp-json\/wp\/v2\/types\/page"}],"author":[{"embeddable":true,"href":"https:\/\/gracyellebicalho.adv.br\/index.php\/wp-json\/wp\/v2\/users\/1"}],"replies":[{"embeddable":true,"href":"https:\/\/gracyellebicalho.adv.br\/index.php\/wp-json\/wp\/v2\/comments?post=857"}],"version-history":[{"count":29,"href":"https:\/\/gracyellebicalho.adv.br\/index.php\/wp-json\/wp\/v2\/pages\/857\/revisions"}],"predecessor-version":[{"id":1195,"href":"https:\/\/gracyellebicalho.adv.br\/index.php\/wp-json\/wp\/v2\/pages\/857\/revisions\/1195"}],"wp:attachment":[{"href":"https:\/\/gracyellebicalho.adv.br\/index.php\/wp-json\/wp\/v2\/media?parent=857"}],"curies":[{"name":"wp","href":"https:\/\/api.w.org\/{rel}","templated":true}]}}