{"id":26,"date":"2020-04-20T02:53:08","date_gmt":"2020-04-20T05:53:08","guid":{"rendered":"https:\/\/old4.commonsupport.com\/opklim\/?page_id=26"},"modified":"2021-07-01T17:59:55","modified_gmt":"2021-07-01T20:59:55","slug":"contato","status":"publish","type":"page","link":"https:\/\/gracyellebicalho.adv.br\/index.php\/contato\/","title":{"rendered":"Contato"},"content":{"rendered":"\t\t<div data-elementor-type=\"wp-page\" data-elementor-id=\"26\" class=\"elementor elementor-26\" data-elementor-post-type=\"page\">\n\t\t\t\t\t\t<section class=\"elementor-section elementor-top-section elementor-element elementor-element-d731718 elementor-section-full_width elementor-section-height-default elementor-section-height-default\" data-id=\"d731718\" data-element_type=\"section\">\n\t\t\t\t\t\t<div class=\"elementor-container elementor-column-gap-no\">\n\t\t\t\t\t<div class=\"elementor-column elementor-col-100 elementor-top-column elementor-element elementor-element-059c296\" data-id=\"059c296\" data-element_type=\"column\">\n\t\t\t<div class=\"elementor-widget-wrap elementor-element-populated\">\n\t\t\t\t\t\t<div class=\"elementor-element elementor-element-735f294 elementor-widget elementor-widget-opklim_contact_info3\" data-id=\"735f294\" data-element_type=\"widget\" data-widget_type=\"opklim_contact_info3.default\">\n\t\t\t\t<div class=\"elementor-widget-container\">\n\t\t\t\t\t\n\t\t<!-- Contact Info -->\n\t\t<section class=\" contact-info-section3\">\n\t\t\t<div class=\"container\">\n\t\t\t\t<div class=\"row\">\n\t\t\t\t\t\t\t\t\t\t<!-- Contact Info Block -->\n\t\t\t\t\t<div class=\"contact-info-block col-lg-4\">\n\t\t\t\t\t\t<div class=\"inner-box wow fadeInUp\" data-wow-delay=\"300ms\">\n\t\t\t\t\t\t\t<h5>Localiza\u00e7\u00e3o<\/h5>\n\t\t\t\t\t\t\t<div class=\"icon-box\"><span class=\"fa fa-map-marked\"><\/span><\/div>\n\t\t\t\t\t\t\t<h4>Nosso Endere\u00e7o<\/h4>\n\t\t\t\t\t\t\t<div class=\"text\">Perto da pra\u00e7a coronel<\/div>\n\t\t\t\t\t\t\t<!-- Overlay -->\n\t\t\t\t\t\t\t<div class=\"overlay\">\n\t\t\t\t\t\t\t\t<div class=\"top-content\">\n\t\t\t\t\t\t\t\t\t<h4>Nosso Endere\u00e7o<\/h4>\n\t\t\t\t\t\t\t\t\t<div class=\"text\">Perto da pra\u00e7a coronel<\/div>\n\t\t\t\t\t\t\t\t<\/div>                                \n\t\t\t\t\t\t\t\t<div class=\"bottom-content\">\n\t\t\t\t\t\t\t\t\t<ul>\n\t\t\t\t\t\t\t\t\t\t\t\t\t\t\t\t\t\t\t\t\t\t\t\t\t\t\t\t\t\t<li><a href=\"#\">(38) 3213-9561<\/a><\/li>\t\t\t\t\t\t\t\t\t\t\t\t\t\t\t\t\t\t\t\t<li><a href=\"#\">contato@gracyellebicalho.adv.br<\/a><\/li>\t\t\t\t\t\t\t\t\t\t\t\t\t\t\t\t\t\t\t<\/ul>\n\t\t\t\t\t\t\t\t\t<div class=\"link-btn\"><a href=\"https:\/\/goo.gl\/maps\/SZA2v4ro52RytUGCA\" class=\"theme-btn\">Veja no mapa<\/a><\/div>\n\t\t\t\t\t\t\t\t<\/div>                                \n\t\t\t\t\t\t\t<\/div>\n\t\t\t\t\t\t<\/div>\n\t\t\t\t\t<\/div>\n\t\t\t\t\t\t\t\t\t\t<!-- Contact Info Block -->\n\t\t\t\t\t<div class=\"contact-info-block col-lg-4\">\n\t\t\t\t\t\t<div class=\"inner-box wow fadeInUp\" data-wow-delay=\"300ms\">\n\t\t\t\t\t\t\t<h5>TELEFONE<\/h5>\n\t\t\t\t\t\t\t<div class=\"icon-box\"><span class=\"fa fa-phone\"><\/span><\/div>\n\t\t\t\t\t\t\t<h4>Chame no Whatsapp<\/h4>\n\t\t\t\t\t\t\t<div class=\"text\">E fale conosco<\/div>\n\t\t\t\t\t\t\t<!-- Overlay -->\n\t\t\t\t\t\t\t<div class=\"overlay\">\n\t\t\t\t\t\t\t\t<div class=\"top-content\">\n\t\t\t\t\t\t\t\t\t<h4>Chame no Whatsapp<\/h4>\n\t\t\t\t\t\t\t\t\t<div class=\"text\">E fale conosco<\/div>\n\t\t\t\t\t\t\t\t<\/div>                                \n\t\t\t\t\t\t\t\t<div class=\"bottom-content\">\n\t\t\t\t\t\t\t\t\t<ul>\n\t\t\t\t\t\t\t\t\t\t\t\t\t\t\t\t\t\t\t\t\t\t\t\t\t\t\t\t\t\t(38) 32139561\t\t\t\t\t\t\t\t\t\t\t\t\t\t\t\t\t\t\t<\/ul>\n\t\t\t\t\t\t\t\t\t<div class=\"link-btn\"><a href=\"https:\/\/wa.me\/553832139561\" class=\"theme-btn\">Enviar uma mensagem<\/a><\/div>\n\t\t\t\t\t\t\t\t<\/div>                                \n\t\t\t\t\t\t\t<\/div>\n\t\t\t\t\t\t<\/div>\n\t\t\t\t\t<\/div>\n\t\t\t\t\t\t\t\t\t\t<!-- Contact Info Block -->\n\t\t\t\t\t<div class=\"contact-info-block col-lg-4\">\n\t\t\t\t\t\t<div class=\"inner-box wow fadeInUp\" data-wow-delay=\"300ms\">\n\t\t\t\t\t\t\t<h5>ATENDIMENTO<\/h5>\n\t\t\t\t\t\t\t<div class=\"icon-box\"><span class=\"fa fa-location-arrow\"><\/span><\/div>\n\t\t\t\t\t\t\t<h4>ATENDIMENTO<\/h4>\n\t\t\t\t\t\t\t<div class=\"text\">Veja nossos hor\u00e1rios<\/div>\n\t\t\t\t\t\t\t<!-- Overlay -->\n\t\t\t\t\t\t\t<div class=\"overlay\">\n\t\t\t\t\t\t\t\t<div class=\"top-content\">\n\t\t\t\t\t\t\t\t\t<h4>ATENDIMENTO<\/h4>\n\t\t\t\t\t\t\t\t\t<div class=\"text\">Veja nossos hor\u00e1rios<\/div>\n\t\t\t\t\t\t\t\t<\/div>                                \n\t\t\t\t\t\t\t\t<div class=\"bottom-content\">\n\t\t\t\t\t\t\t\t\t<ul>\n\t\t\t\t\t\t\t\t\t\t\t\t\t\t\t\t\t\t\t\t\t\t\t\t\t\t\t\t\t\tDe segunda a sexta-feira, das 09h \u00e0s 18h\t\t\t\t\t\t\t\t\t\t\t\t\t\t\t\t\t\t\t<\/ul>\n\t\t\t\t\t\t\t\t\t<div class=\"link-btn\"><a href=\"tel:+553832139561\" class=\"theme-btn\">Ligue e agende<\/a><\/div>\n\t\t\t\t\t\t\t\t<\/div>                                \n\t\t\t\t\t\t\t<\/div>\n\t\t\t\t\t\t<\/div>\n\t\t\t\t\t<\/div>\n\t\t\t\t\t\t\t\t\t<\/div>\n\t\t\t<\/div>\n\t\t<\/section>\n            \n\t\t\t\t\t\t<\/div>\n\t\t\t\t<\/div>\n\t\t\t\t\t<\/div>\n\t\t<\/div>\n\t\t\t\t\t<\/div>\n\t\t<\/section>\n\t\t\t\t<section class=\"elementor-section elementor-top-section elementor-element elementor-element-4584a54 elementor-section-stretched elementor-section-full_width elementor-section-height-default elementor-section-height-default\" data-id=\"4584a54\" data-element_type=\"section\" data-settings=\"{&quot;stretch_section&quot;:&quot;section-stretched&quot;}\">\n\t\t\t\t\t\t<div class=\"elementor-container elementor-column-gap-default\">\n\t\t\t\t\t<div class=\"elementor-column elementor-col-100 elementor-top-column elementor-element elementor-element-7d9a738\" data-id=\"7d9a738\" data-element_type=\"column\">\n\t\t\t<div class=\"elementor-widget-wrap elementor-element-populated\">\n\t\t\t\t\t\t<div class=\"elementor-element elementor-element-300b501 elementor-widget elementor-widget-opklim_contact2\" data-id=\"300b501\" data-element_type=\"widget\" data-widget_type=\"opklim_contact2.default\">\n\t\t\t\t<div class=\"elementor-widget-container\">\n\t\t\t\t\t        <section class=\" contact-one\">\n            <div class=\"container\">\n                <div class=\"contact-one__info\">\n                    <div class=\"row\">\n                        \n\t\t\t\t\t\t\t\t\t\t\t\t\n\t\t\t\t\t\t<div class=\"col-lg-3\">\n                            <div class=\"contact-one__info-single\">\n                                <div class=\"icon\"><img decoding=\"async\" src=\"https:\/\/old4.commonsupport.com\/opklim\/wp-content\/uploads\/2020\/04\/icon-5.png\" alt=\"\"><\/div>\n                                <h3 class=\"contact-one__info-title\">WORK HOURS<\/h3><!-- \/.contact-one__info-title -->\n                                <p class=\"contact-one__info-text\">Mon to Fri : 09:00 am - 18:00 pm\nSat : 08:00 am - 16:00 pm<\/p><!-- \/.contact-one__info-text -->\n                            <\/div><!-- \/.contact-one__info-single -->\n                        <\/div>\n                        \n\t\t\t\t\t\t                    <\/div>   \n                <\/div>\n                <div class=\"wrapper-box\">\n                    [contact-form-7 id=\"252\" title=\"Contact Page\"]                   \n                <\/div>\n            <\/div><!-- \/.container -->\n        <\/section><!-- \/.contact-one -->\n\t\t\t\t\t\t<\/div>\n\t\t\t\t<\/div>\n\t\t\t\t\t<\/div>\n\t\t<\/div>\n\t\t\t\t\t<\/div>\n\t\t<\/section>\n\t\t\t\t<section class=\"elementor-section elementor-top-section elementor-element elementor-element-0a53ea0 elementor-section-stretched elementor-section-full_width elementor-section-height-default elementor-section-height-default\" data-id=\"0a53ea0\" data-element_type=\"section\" data-settings=\"{&quot;stretch_section&quot;:&quot;section-stretched&quot;}\">\n\t\t\t\t\t\t<div class=\"elementor-container elementor-column-gap-no\">\n\t\t\t\t\t<div class=\"elementor-column elementor-col-100 elementor-top-column elementor-element elementor-element-72bbc7a\" data-id=\"72bbc7a\" data-element_type=\"column\">\n\t\t\t<div class=\"elementor-widget-wrap elementor-element-populated\">\n\t\t\t\t\t\t<div class=\"elementor-element elementor-element-4c8ed06 elementor-widget elementor-widget-google_maps\" data-id=\"4c8ed06\" data-element_type=\"widget\" data-widget_type=\"google_maps.default\">\n\t\t\t\t<div class=\"elementor-widget-container\">\n\t\t\t\t\t\t\t<div class=\"elementor-custom-embed\">\n\t\t\t<iframe loading=\"lazy\"\n\t\t\t\t\tsrc=\"https:\/\/maps.google.com\/maps?q=gracyelle%20bicalho%20advocacia&#038;t=m&#038;z=19&#038;output=embed&#038;iwloc=near\"\n\t\t\t\t\ttitle=\"gracyelle bicalho advocacia\"\n\t\t\t\t\taria-label=\"gracyelle bicalho advocacia\"\n\t\t\t><\/iframe>\n\t\t<\/div>\n\t\t\t\t\t\t<\/div>\n\t\t\t\t<\/div>\n\t\t\t\t\t<\/div>\n\t\t<\/div>\n\t\t\t\t\t<\/div>\n\t\t<\/section>\n\t\t\t\t<\/div>\n\t\t","protected":false},"excerpt":{"rendered":"<p>Localiza\u00e7\u00e3o Nosso Endere\u00e7o Perto da pra\u00e7a coronel Nosso Endere\u00e7o Perto da pra\u00e7a coronel (38) 3213-9561 contato@gracyellebicalho.adv.br Veja no mapa TELEFONE Chame no Whatsapp E fale conosco Chame no Whatsapp E fale conosco (38) 32139561 Enviar uma mensagem ATENDIMENTO ATENDIMENTO Veja nossos hor\u00e1rios ATENDIMENTO Veja nossos hor\u00e1rios De segunda a sexta-feira, das 09h \u00e0s 18h Ligue [&hellip;]<\/p>\n","protected":false},"author":1,"featured_media":0,"parent":0,"menu_order":0,"comment_status":"closed","ping_status":"closed","template":"tpl-default-elementor.php","meta":{"om_disable_all_campaigns":false,"_monsterinsights_skip_tracking":false,"_monsterinsights_sitenote_active":false,"_monsterinsights_sitenote_note":"","_monsterinsights_sitenote_category":0,"_joinchat":[],"footnotes":""},"class_list":["post-26","page","type-page","status-publish","hentry"],"_links":{"self":[{"href":"https:\/\/gracyellebicalho.adv.br\/index.php\/wp-json\/wp\/v2\/pages\/26"}],"collection":[{"href":"https:\/\/gracyellebicalho.adv.br\/index.php\/wp-json\/wp\/v2\/pages"}],"about":[{"href":"https:\/\/gracyellebicalho.adv.br\/index.php\/wp-json\/wp\/v2\/types\/page"}],"author":[{"embeddable":true,"href":"https:\/\/gracyellebicalho.adv.br\/index.php\/wp-json\/wp\/v2\/users\/1"}],"replies":[{"embeddable":true,"href":"https:\/\/gracyellebicalho.adv.br\/index.php\/wp-json\/wp\/v2\/comments?post=26"}],"version-history":[{"count":8,"href":"https:\/\/gracyellebicalho.adv.br\/index.php\/wp-json\/wp\/v2\/pages\/26\/revisions"}],"predecessor-version":[{"id":988,"href":"https:\/\/gracyellebicalho.adv.br\/index.php\/wp-json\/wp\/v2\/pages\/26\/revisions\/988"}],"wp:attachment":[{"href":"https:\/\/gracyellebicalho.adv.br\/index.php\/wp-json\/wp\/v2\/media?parent=26"}],"curies":[{"name":"wp","href":"https:\/\/api.w.org\/{rel}","templated":true}]}}