{"id":2,"date":"2021-05-07T17:43:50","date_gmt":"2021-05-07T20:43:50","guid":{"rendered":"http:\/\/gracyellebicalho.adv.br\/?page_id=2"},"modified":"2024-10-14T17:31:41","modified_gmt":"2024-10-14T20:31:41","slug":"o-escritorio","status":"publish","type":"page","link":"https:\/\/gracyellebicalho.adv.br\/index.php\/o-escritorio\/","title":{"rendered":"Sobre o Escrit\u00f3rio"},"content":{"rendered":"\t\t<div data-elementor-type=\"wp-page\" data-elementor-id=\"2\" class=\"elementor elementor-2\" data-elementor-post-type=\"page\">\n\t\t\t\t\t\t<section class=\"elementor-section elementor-top-section elementor-element elementor-element-631055bb elementor-section-boxed elementor-section-height-default elementor-section-height-default\" data-id=\"631055bb\" data-element_type=\"section\">\n\t\t\t\t\t\t<div class=\"elementor-container elementor-column-gap-default\">\n\t\t\t\t\t<div class=\"elementor-column elementor-col-100 elementor-top-column elementor-element elementor-element-1f475dcf\" data-id=\"1f475dcf\" data-element_type=\"column\">\n\t\t\t<div class=\"elementor-widget-wrap\">\n\t\t\t\t\t\t\t<\/div>\n\t\t<\/div>\n\t\t\t\t\t<\/div>\n\t\t<\/section>\n\t\t\t\t<section class=\"elementor-section elementor-top-section elementor-element elementor-element-53b41c9 elementor-section-boxed elementor-section-height-default elementor-section-height-default\" data-id=\"53b41c9\" data-element_type=\"section\">\n\t\t\t\t\t\t<div class=\"elementor-container elementor-column-gap-default\">\n\t\t\t\t\t<div class=\"elementor-column elementor-col-66 elementor-top-column elementor-element elementor-element-4911266\" data-id=\"4911266\" data-element_type=\"column\">\n\t\t\t<div class=\"elementor-widget-wrap elementor-element-populated\">\n\t\t\t\t\t\t<div class=\"elementor-element elementor-element-1fbf0b5 elementor-widget elementor-widget-text-editor\" data-id=\"1fbf0b5\" data-element_type=\"widget\" data-widget_type=\"text-editor.default\">\n\t\t\t\t<div class=\"elementor-widget-container\">\n\t\t\t\t\t\t\t\t\t<p>O escrit\u00f3rio Gracyelle Bicalho Advocacia &amp; Consultoria jur\u00eddica atua, h\u00e1 mais de dezessete anos, na cidade de Montes Claros e regi\u00e3o prestando servi\u00e7os jur\u00eddicos com \u00eanfase nas \u00e1reas de Direito de Fam\u00edlia, Direito Empresarial, Direito Civil e Direito das sucess\u00f5es.<\/p><p>Com excel\u00eancia, agilidade e not\u00f3ria qualifica\u00e7\u00e3o t\u00e9cnica buscamos fornecer servi\u00e7os jur\u00eddicos de consultoria e assessoria preventiva, bem como no campo do contencioso para pessoas f\u00edsicas e jur\u00eddicas. Com extensa atua\u00e7\u00e3o em Minas Gerais, temos como miss\u00e3o prestar atendimento jur\u00eddico primando pela diversidade sociocultural de cada cliente, de acordo com sua a particularidade, com excel\u00eancia e celeridade. Temos como valores a \u00e9tica e a transpar\u00eancia, que permeiam nossas rela\u00e7\u00f5es pessoais e profissionais.<\/p><p>Temos como princ\u00edpio o atendimento personalizado buscando sempre a melhor solu\u00e7\u00e3o jur\u00eddica de acordo com particularidade de cada cliente. Com extensa atua\u00e7\u00e3o em Minas Gerais, o escrit\u00f3rio preza pela presta\u00e7\u00e3o de um servi\u00e7o transparente que combine com a \u00e9tica, proatividade e pensamento estrat\u00e9gico, seja ele no exerc\u00edcio do contencioso ou no de consultoria jur\u00eddica com o escopo de buscar a efetiva prote\u00e7\u00e3o jurisdicional.<\/p>\t\t\t\t\t\t\t\t<\/div>\n\t\t\t\t<\/div>\n\t\t\t\t\t<\/div>\n\t\t<\/div>\n\t\t\t\t<div class=\"elementor-column elementor-col-33 elementor-top-column elementor-element elementor-element-b5e7455\" data-id=\"b5e7455\" data-element_type=\"column\">\n\t\t\t<div class=\"elementor-widget-wrap elementor-element-populated\">\n\t\t\t\t\t\t<div class=\"elementor-element elementor-element-fbb5f59 elementor-widget elementor-widget-image\" data-id=\"fbb5f59\" data-element_type=\"widget\" data-widget_type=\"image.default\">\n\t\t\t\t<div class=\"elementor-widget-container\">\n\t\t\t\t\t\t\t\t\t\t\t\t\t\t\t<img fetchpriority=\"high\" decoding=\"async\" width=\"525\" height=\"787\" src=\"https:\/\/gracyellebicalho.adv.br\/wp-content\/uploads\/2021\/06\/GB_VIGGI_0015-683x1024.jpg\" class=\"attachment-large size-large wp-image-895\" alt=\"\" srcset=\"https:\/\/gracyellebicalho.adv.br\/wp-content\/uploads\/2021\/06\/GB_VIGGI_0015-683x1024.jpg 683w, https:\/\/gracyellebicalho.adv.br\/wp-content\/uploads\/2021\/06\/GB_VIGGI_0015-200x300.jpg 200w, https:\/\/gracyellebicalho.adv.br\/wp-content\/uploads\/2021\/06\/GB_VIGGI_0015-768x1152.jpg 768w, https:\/\/gracyellebicalho.adv.br\/wp-content\/uploads\/2021\/06\/GB_VIGGI_0015-1024x1536.jpg 1024w, https:\/\/gracyellebicalho.adv.br\/wp-content\/uploads\/2021\/06\/GB_VIGGI_0015-1366x2048.jpg 1366w, https:\/\/gracyellebicalho.adv.br\/wp-content\/uploads\/2021\/06\/GB_VIGGI_0015-scaled.jpg 1707w\" sizes=\"(max-width: 525px) 100vw, 525px\" \/>\t\t\t\t\t\t\t\t\t\t\t\t\t\t\t<\/div>\n\t\t\t\t<\/div>\n\t\t\t\t\t<\/div>\n\t\t<\/div>\n\t\t\t\t\t<\/div>\n\t\t<\/section>\n\t\t\t\t<section class=\"elementor-section elementor-top-section elementor-element elementor-element-387b2b8 elementor-section-boxed elementor-section-height-default elementor-section-height-default\" data-id=\"387b2b8\" data-element_type=\"section\">\n\t\t\t\t\t\t<div class=\"elementor-container elementor-column-gap-default\">\n\t\t\t\t\t<div class=\"elementor-column elementor-col-100 elementor-top-column elementor-element elementor-element-cc8b4c8\" data-id=\"cc8b4c8\" data-element_type=\"column\">\n\t\t\t<div class=\"elementor-widget-wrap elementor-element-populated\">\n\t\t\t\t\t\t<div class=\"elementor-element elementor-element-a7b2f6a elementor-arrows-position-inside elementor-pagination-position-outside elementor-widget elementor-widget-image-carousel\" data-id=\"a7b2f6a\" data-element_type=\"widget\" data-settings=\"{&quot;image_spacing_custom&quot;:{&quot;unit&quot;:&quot;px&quot;,&quot;size&quot;:12,&quot;sizes&quot;:[]},&quot;navigation&quot;:&quot;both&quot;,&quot;autoplay&quot;:&quot;yes&quot;,&quot;pause_on_hover&quot;:&quot;yes&quot;,&quot;pause_on_interaction&quot;:&quot;yes&quot;,&quot;autoplay_speed&quot;:5000,&quot;infinite&quot;:&quot;yes&quot;,&quot;speed&quot;:500,&quot;image_spacing_custom_tablet&quot;:{&quot;unit&quot;:&quot;px&quot;,&quot;size&quot;:&quot;&quot;,&quot;sizes&quot;:[]},&quot;image_spacing_custom_mobile&quot;:{&quot;unit&quot;:&quot;px&quot;,&quot;size&quot;:&quot;&quot;,&quot;sizes&quot;:[]}}\" data-widget_type=\"image-carousel.default\">\n\t\t\t\t<div class=\"elementor-widget-container\">\n\t\t\t\t\t\t\t<div class=\"elementor-image-carousel-wrapper swiper\" role=\"region\" aria-roledescription=\"carousel\" aria-label=\"Image Carousel\" dir=\"ltr\">\n\t\t\t<div class=\"elementor-image-carousel swiper-wrapper\" aria-live=\"off\">\n\t\t\t\t\t\t\t\t<div class=\"swiper-slide\" role=\"group\" aria-roledescription=\"slide\" aria-label=\"1 of 11\"><figure class=\"swiper-slide-inner\"><img decoding=\"async\" class=\"swiper-slide-image\" src=\"https:\/\/gracyellebicalho.adv.br\/wp-content\/uploads\/elementor\/thumbs\/escritorio-1-scaled-p9eustyhhtry2t75kiy8sqmoct6hmjqmxpm5ncix14.jpg\" alt=\"escritorio (1)\" \/><\/figure><\/div><div class=\"swiper-slide\" role=\"group\" aria-roledescription=\"slide\" aria-label=\"2 of 11\"><figure class=\"swiper-slide-inner\"><img decoding=\"async\" class=\"swiper-slide-image\" src=\"https:\/\/gracyellebicalho.adv.br\/wp-content\/uploads\/elementor\/thumbs\/escritorio99-p9fvg2fxgzpkskxo5ru7au2en6u2tj0ibbl7i0hc54.jpg\" alt=\"escritorio99\" \/><\/figure><\/div><div class=\"swiper-slide\" role=\"group\" aria-roledescription=\"slide\" aria-label=\"3 of 11\"><figure class=\"swiper-slide-inner\"><img decoding=\"async\" class=\"swiper-slide-image\" src=\"https:\/\/gracyellebicalho.adv.br\/wp-content\/uploads\/elementor\/thumbs\/escritorio-6-p9euu0981ddul9hppj8gexyf35e08xek3iz08ss794.jpg\" alt=\"escritorio (6)\" \/><\/figure><\/div><div class=\"swiper-slide\" role=\"group\" aria-roledescription=\"slide\" aria-label=\"4 of 11\"><figure class=\"swiper-slide-inner\"><img decoding=\"async\" class=\"swiper-slide-image\" src=\"https:\/\/gracyellebicalho.adv.br\/wp-content\/uploads\/elementor\/thumbs\/fotoequipe-p9eqnyar0hyz69gcx67ivb4d5qzkgep5strj7l9qk8.jpg\" alt=\"fotoequipe\" \/><\/figure><\/div><div class=\"swiper-slide\" role=\"group\" aria-roledescription=\"slide\" aria-label=\"5 of 11\"><figure class=\"swiper-slide-inner\"><img decoding=\"async\" class=\"swiper-slide-image\" src=\"https:\/\/gracyellebicalho.adv.br\/wp-content\/uploads\/elementor\/thumbs\/GB_VIGGI_0038-scaled-p9euyxwpx251jkbnw60y074jcz2dnpztry9ry3gsl4.jpg\" alt=\"GB_VIGGI_0038\" \/><\/figure><\/div><div class=\"swiper-slide\" role=\"group\" aria-roledescription=\"slide\" aria-label=\"6 of 11\"><figure class=\"swiper-slide-inner\"><img decoding=\"async\" class=\"swiper-slide-image\" src=\"https:\/\/gracyellebicalho.adv.br\/wp-content\/uploads\/elementor\/thumbs\/banner2-scaled-p9eogf6cr53ku0z7bslwwdmbq2zj6cyrj6mjer6x14.jpg\" alt=\"banner2\" \/><\/figure><\/div><div class=\"swiper-slide\" role=\"group\" aria-roledescription=\"slide\" aria-label=\"7 of 11\"><figure class=\"swiper-slide-inner\"><img decoding=\"async\" class=\"swiper-slide-image\" src=\"https:\/\/gracyellebicalho.adv.br\/wp-content\/uploads\/elementor\/thumbs\/escritorio-2-p9eut4apl063mis4w5f5260qw1riz7von4shxe3l4o.jpg\" alt=\"escritorio (2)\" \/><\/figure><\/div><div class=\"swiper-slide\" role=\"group\" aria-roledescription=\"slide\" aria-label=\"8 of 11\"><figure class=\"swiper-slide-inner\"><img decoding=\"async\" class=\"swiper-slide-image\" src=\"https:\/\/gracyellebicalho.adv.br\/wp-content\/uploads\/elementor\/thumbs\/WhatsApp-Image-2024-10-11-at-12.19.50-1-1-e1728937812882-qvk9wm6i8qiktv24w8bw80wrchotp9nqo9m8yvy3zs.jpeg\" alt=\"WhatsApp Image 2024-10-11 at 12.19.50 (1)\" \/><\/figure><\/div><div class=\"swiper-slide\" role=\"group\" aria-roledescription=\"slide\" aria-label=\"9 of 11\"><figure class=\"swiper-slide-inner\"><img decoding=\"async\" class=\"swiper-slide-image\" src=\"https:\/\/gracyellebicalho.adv.br\/wp-content\/uploads\/elementor\/thumbs\/WhatsApp-Image-2024-10-11-at-12.19.50-e1728937834864-qvk9x6uyf3avxa83jh9oqvoweyuwelxu33yxiz3g6w.jpeg\" alt=\"WhatsApp Image 2024-10-11 at 12.19.50\" \/><\/figure><\/div><div class=\"swiper-slide\" role=\"group\" aria-roledescription=\"slide\" aria-label=\"10 of 11\"><figure class=\"swiper-slide-inner\"><img decoding=\"async\" class=\"swiper-slide-image\" src=\"https:\/\/gracyellebicalho.adv.br\/wp-content\/uploads\/elementor\/thumbs\/WhatsApp-Image-2024-10-11-at-12.19.48-1-e1729125259395-qvo1uv3tmodesbw2xaowkh8lpgkblihfwjmpcx73qw.jpeg\" alt=\"WhatsApp Image 2024-10-11 at 12.19.48\" \/><\/figure><\/div><div class=\"swiper-slide\" role=\"group\" aria-roledescription=\"slide\" aria-label=\"11 of 11\"><figure class=\"swiper-slide-inner\"><img decoding=\"async\" class=\"swiper-slide-image\" src=\"https:\/\/gracyellebicalho.adv.br\/wp-content\/uploads\/elementor\/thumbs\/WhatsApp-Image-2024-10-11-at-12.19.49-e1728937886892-qvk9yjqkah5sp093m2eacjcvb05zivbvltw6hd2z7c.jpeg\" alt=\"WhatsApp Image 2024-10-11 at 12.19.49\" \/><\/figure><\/div>\t\t\t<\/div>\n\t\t\t\t\t\t\t\t\t\t\t\t<div class=\"elementor-swiper-button elementor-swiper-button-prev\" role=\"button\" tabindex=\"0\">\n\t\t\t\t\t\t<i aria-hidden=\"true\" class=\"eicon-chevron-left\"><\/i>\t\t\t\t\t<\/div>\n\t\t\t\t\t<div class=\"elementor-swiper-button elementor-swiper-button-next\" role=\"button\" tabindex=\"0\">\n\t\t\t\t\t\t<i aria-hidden=\"true\" class=\"eicon-chevron-right\"><\/i>\t\t\t\t\t<\/div>\n\t\t\t\t\n\t\t\t\t\t\t\t\t\t<div class=\"swiper-pagination\"><\/div>\n\t\t\t\t\t\t\t\t\t<\/div>\n\t\t\t\t\t\t<\/div>\n\t\t\t\t<\/div>\n\t\t\t\t\t<\/div>\n\t\t<\/div>\n\t\t\t\t\t<\/div>\n\t\t<\/section>\n\t\t\t\t<\/div>\n\t\t","protected":false},"excerpt":{"rendered":"<p>O escrit\u00f3rio Gracyelle Bicalho Advocacia &amp; Consultoria jur\u00eddica atua, h\u00e1 mais de dezessete anos, na cidade de Montes Claros e regi\u00e3o prestando servi\u00e7os jur\u00eddicos com \u00eanfase nas \u00e1reas de Direito de Fam\u00edlia, Direito Empresarial, Direito Civil e Direito das sucess\u00f5es. Com excel\u00eancia, agilidade e not\u00f3ria qualifica\u00e7\u00e3o t\u00e9cnica buscamos fornecer servi\u00e7os jur\u00eddicos de consultoria e assessoria [&hellip;]<\/p>\n","protected":false},"author":1,"featured_media":0,"parent":0,"menu_order":0,"comment_status":"closed","ping_status":"closed","template":"tpl-default-elementor.php","meta":{"om_disable_all_campaigns":false,"_monsterinsights_skip_tracking":false,"_monsterinsights_sitenote_active":false,"_monsterinsights_sitenote_note":"","_monsterinsights_sitenote_category":0,"_joinchat":[],"footnotes":""},"class_list":["post-2","page","type-page","status-publish","hentry"],"_links":{"self":[{"href":"https:\/\/gracyellebicalho.adv.br\/index.php\/wp-json\/wp\/v2\/pages\/2"}],"collection":[{"href":"https:\/\/gracyellebicalho.adv.br\/index.php\/wp-json\/wp\/v2\/pages"}],"about":[{"href":"https:\/\/gracyellebicalho.adv.br\/index.php\/wp-json\/wp\/v2\/types\/page"}],"author":[{"embeddable":true,"href":"https:\/\/gracyellebicalho.adv.br\/index.php\/wp-json\/wp\/v2\/users\/1"}],"replies":[{"embeddable":true,"href":"https:\/\/gracyellebicalho.adv.br\/index.php\/wp-json\/wp\/v2\/comments?post=2"}],"version-history":[{"count":39,"href":"https:\/\/gracyellebicalho.adv.br\/index.php\/wp-json\/wp\/v2\/pages\/2\/revisions"}],"predecessor-version":[{"id":1166,"href":"https:\/\/gracyellebicalho.adv.br\/index.php\/wp-json\/wp\/v2\/pages\/2\/revisions\/1166"}],"wp:attachment":[{"href":"https:\/\/gracyellebicalho.adv.br\/index.php\/wp-json\/wp\/v2\/media?parent=2"}],"curies":[{"name":"wp","href":"https:\/\/api.w.org\/{rel}","templated":true}]}}